{"id":363,"date":"2021-06-03T21:40:31","date_gmt":"2021-06-04T02:40:31","guid":{"rendered":"https:\/\/sillasderuedasparaperros.com\/quienes-somos\/"},"modified":"2022-07-15T11:52:16","modified_gmt":"2022-07-15T16:52:16","slug":"about-us","status":"publish","type":"page","link":"https:\/\/sillasderuedasparaperros.com\/en\/about-us\/","title":{"rendered":"About Us"},"content":{"rendered":"<section class=\"wpb-content-wrapper\"><p>[vc_row el_class=&#8221;seccion1-quienes&#8221;][vc_column][vc_empty_space el_class=&#8221;espacios-sillas&#8221;][vc_column_text]<\/p>\n<h1 style=\"text-align: center;\">&#8220;You can&#8217;t save all the dogs in the world, but you can save one dog&#8217;s whole world!&#8221;<\/h1>\n<h1 style=\"text-align: center;\">Karen Davison<\/h1>\n<p>[\/vc_column_text][vc_column_text]La silla de ruedas ha sido creada (en comuni\u00f3n con dise\u00f1adores industriales y veterinarios especializados en esta clase de problemas) pensando en la rehabilitaci\u00f3n, comodidad, independencia y diversi\u00f3n de las mascotas que por una u otra raz\u00f3n quedaron sin posibilidades de desplazarse por si solas.[\/vc_column_text][vc_empty_space el_class=&#8221;espacios-sillas&#8221;][vc_row_inner content_placement=&#8221;middle&#8221;][vc_column_inner width=&#8221;1\/6&#8243;][\/vc_column_inner][vc_column_inner width=&#8221;2\/3&#8243;][vc_video link=&#8221;https:\/\/youtu.be\/qhj12sCAZ2A&#8221; align=&#8221;center&#8221;][\/vc_column_inner][vc_column_inner width=&#8221;1\/6&#8243;][\/vc_column_inner][\/vc_row_inner][vc_empty_space height=&#8221;50px&#8221; el_class=&#8221;espacios-sillas&#8221;][vc_row_inner][vc_column_inner width=&#8221;1\/3&#8243;][vc_single_image image=&#8221;169&#8243; img_size=&#8221;full&#8221; alignment=&#8221;center&#8221; style=&#8221;vc_box_shadow_3d&#8221;][\/vc_column_inner][vc_column_inner width=&#8221;1\/3&#8243;][vc_single_image image=&#8221;168&#8243; img_size=&#8221;full&#8221; alignment=&#8221;center&#8221; style=&#8221;vc_box_shadow_3d&#8221;][\/vc_column_inner][vc_column_inner width=&#8221;1\/3&#8243;][vc_single_image image=&#8221;170&#8243; img_size=&#8221;full&#8221; alignment=&#8221;center&#8221; style=&#8221;vc_box_shadow_3d&#8221;][\/vc_column_inner][\/vc_row_inner][\/vc_column][\/vc_row][vc_row][vc_column][vc_empty_space el_class=&#8221;espacios-sillas&#8221;][\/vc_column][\/vc_row]<\/p>\n<\/section>","protected":false},"excerpt":{"rendered":"<p>[vc_row el_class=&#8221;seccion1-quienes&#8221;][vc_column][vc_empty_space el_class=&#8221;espacios-sillas&#8221;][vc_column_text] &#8220;You can&#8217;t save all the dogs in the world, but you can <a class=\"read-more\" href=\"https:\/\/sillasderuedasparaperros.com\/en\/about-us\/\">Read More<\/a><\/p>\n","protected":false},"author":1,"featured_media":320,"parent":0,"menu_order":0,"comment_status":"closed","ping_status":"closed","template":"","meta":{"_acf_changed":false,"footnotes":""},"class_list":["post-363","page","type-page","status-publish","has-post-thumbnail","hentry"],"acf":[],"yoast_head":"<!-- This site is optimized with the Yoast SEO plugin v27.0 - https:\/\/yoast.com\/product\/yoast-seo-wordpress\/ -->\n<title>About Us - Sillas de ruedas para perros<\/title>\n<meta name=\"robots\" content=\"index, follow, max-snippet:-1, max-image-preview:large, max-video-preview:-1\" \/>\n<link rel=\"canonical\" href=\"https:\/\/sillasderuedasparaperros.com\/en\/about-us\/\" \/>\n<meta property=\"og:locale\" content=\"en_US\" \/>\n<meta property=\"og:type\" content=\"article\" \/>\n<meta property=\"og:title\" content=\"About Us - Sillas de ruedas para perros\" \/>\n<meta property=\"og:description\" content=\"[vc_row el_class=&#8221;seccion1-quienes&#8221;][vc_column][vc_empty_space el_class=&#8221;espacios-sillas&#8221;][vc_column_text] &#8220;You can&#8217;t save all the dogs in the world, but you can Read More\" \/>\n<meta property=\"og:url\" content=\"https:\/\/sillasderuedasparaperros.com\/en\/about-us\/\" \/>\n<meta property=\"og:site_name\" content=\"Sillas de ruedas para perros\" \/>\n<meta property=\"article:publisher\" content=\"https:\/\/www.facebook.com\/people\/Sillas-de-Ruedas-para-Perros\/\" \/>\n<meta property=\"article:modified_time\" content=\"2022-07-15T16:52:16+00:00\" \/>\n<meta property=\"og:image\" content=\"https:\/\/sillasderuedasparaperros.com\/wp-content\/uploads\/2021\/06\/banner-quienes-somos.jpg\" \/>\n\t<meta property=\"og:image:width\" content=\"1920\" \/>\n\t<meta property=\"og:image:height\" content=\"500\" \/>\n\t<meta property=\"og:image:type\" content=\"image\/jpeg\" \/>\n<meta name=\"twitter:card\" content=\"summary_large_image\" \/>\n<meta name=\"twitter:label1\" content=\"Est. reading time\" \/>\n\t<meta name=\"twitter:data1\" content=\"1 minute\" \/>\n<script type=\"application\/ld+json\" class=\"yoast-schema-graph\">{\"@context\":\"https:\/\/schema.org\",\"@graph\":[{\"@type\":\"WebPage\",\"@id\":\"https:\/\/sillasderuedasparaperros.com\/en\/about-us\/\",\"url\":\"https:\/\/sillasderuedasparaperros.com\/en\/about-us\/\",\"name\":\"About Us - Sillas de ruedas para perros\",\"isPartOf\":{\"@id\":\"https:\/\/sillasderuedasparaperros.com\/#website\"},\"primaryImageOfPage\":{\"@id\":\"https:\/\/sillasderuedasparaperros.com\/en\/about-us\/#primaryimage\"},\"image\":{\"@id\":\"https:\/\/sillasderuedasparaperros.com\/en\/about-us\/#primaryimage\"},\"thumbnailUrl\":\"https:\/\/sillasderuedasparaperros.com\/wp-content\/uploads\/2021\/06\/banner-quienes-somos.jpg\",\"datePublished\":\"2021-06-04T02:40:31+00:00\",\"dateModified\":\"2022-07-15T16:52:16+00:00\",\"breadcrumb\":{\"@id\":\"https:\/\/sillasderuedasparaperros.com\/en\/about-us\/#breadcrumb\"},\"inLanguage\":\"en-US\",\"potentialAction\":[{\"@type\":\"ReadAction\",\"target\":[\"https:\/\/sillasderuedasparaperros.com\/en\/about-us\/\"]}]},{\"@type\":\"ImageObject\",\"inLanguage\":\"en-US\",\"@id\":\"https:\/\/sillasderuedasparaperros.com\/en\/about-us\/#primaryimage\",\"url\":\"https:\/\/sillasderuedasparaperros.com\/wp-content\/uploads\/2021\/06\/banner-quienes-somos.jpg\",\"contentUrl\":\"https:\/\/sillasderuedasparaperros.com\/wp-content\/uploads\/2021\/06\/banner-quienes-somos.jpg\",\"width\":1920,\"height\":500},{\"@type\":\"BreadcrumbList\",\"@id\":\"https:\/\/sillasderuedasparaperros.com\/en\/about-us\/#breadcrumb\",\"itemListElement\":[{\"@type\":\"ListItem\",\"position\":1,\"name\":\"Portada\",\"item\":\"https:\/\/sillasderuedasparaperros.com\/en\/\"},{\"@type\":\"ListItem\",\"position\":2,\"name\":\"About Us\"}]},{\"@type\":\"WebSite\",\"@id\":\"https:\/\/sillasderuedasparaperros.com\/#website\",\"url\":\"https:\/\/sillasderuedasparaperros.com\/\",\"name\":\"Sillas de ruedas para perros\",\"description\":\"Otro sitio realizado con WordPress\",\"publisher\":{\"@id\":\"https:\/\/sillasderuedasparaperros.com\/#organization\"},\"potentialAction\":[{\"@type\":\"SearchAction\",\"target\":{\"@type\":\"EntryPoint\",\"urlTemplate\":\"https:\/\/sillasderuedasparaperros.com\/?s={search_term_string}\"},\"query-input\":{\"@type\":\"PropertyValueSpecification\",\"valueRequired\":true,\"valueName\":\"search_term_string\"}}],\"inLanguage\":\"en-US\"},{\"@type\":\"Organization\",\"@id\":\"https:\/\/sillasderuedasparaperros.com\/#organization\",\"name\":\"Sillas de ruedas para perros colombia\",\"url\":\"https:\/\/sillasderuedasparaperros.com\/\",\"logo\":{\"@type\":\"ImageObject\",\"inLanguage\":\"en-US\",\"@id\":\"https:\/\/sillasderuedasparaperros.com\/#\/schema\/logo\/image\/\",\"url\":\"https:\/\/sillasderuedasparaperros.com\/wp-content\/uploads\/2021\/06\/logo-sillas.png\",\"contentUrl\":\"https:\/\/sillasderuedasparaperros.com\/wp-content\/uploads\/2021\/06\/logo-sillas.png\",\"width\":400,\"height\":144,\"caption\":\"Sillas de ruedas para perros colombia\"},\"image\":{\"@id\":\"https:\/\/sillasderuedasparaperros.com\/#\/schema\/logo\/image\/\"},\"sameAs\":[\"https:\/\/www.facebook.com\/people\/Sillas-de-Ruedas-para-Perros\/\",\"https:\/\/www.instagram.com\/sillasparaperros\"]}]}<\/script>\n<!-- \/ Yoast SEO plugin. -->","yoast_head_json":{"title":"About Us - Sillas de ruedas para perros","robots":{"index":"index","follow":"follow","max-snippet":"max-snippet:-1","max-image-preview":"max-image-preview:large","max-video-preview":"max-video-preview:-1"},"canonical":"https:\/\/sillasderuedasparaperros.com\/en\/about-us\/","og_locale":"en_US","og_type":"article","og_title":"About Us - Sillas de ruedas para perros","og_description":"[vc_row el_class=&#8221;seccion1-quienes&#8221;][vc_column][vc_empty_space el_class=&#8221;espacios-sillas&#8221;][vc_column_text] &#8220;You can&#8217;t save all the dogs in the world, but you can Read More","og_url":"https:\/\/sillasderuedasparaperros.com\/en\/about-us\/","og_site_name":"Sillas de ruedas para perros","article_publisher":"https:\/\/www.facebook.com\/people\/Sillas-de-Ruedas-para-Perros\/","article_modified_time":"2022-07-15T16:52:16+00:00","og_image":[{"width":1920,"height":500,"url":"https:\/\/sillasderuedasparaperros.com\/wp-content\/uploads\/2021\/06\/banner-quienes-somos.jpg","type":"image\/jpeg"}],"twitter_card":"summary_large_image","twitter_misc":{"Est. reading time":"1 minute"},"schema":{"@context":"https:\/\/schema.org","@graph":[{"@type":"WebPage","@id":"https:\/\/sillasderuedasparaperros.com\/en\/about-us\/","url":"https:\/\/sillasderuedasparaperros.com\/en\/about-us\/","name":"About Us - Sillas de ruedas para perros","isPartOf":{"@id":"https:\/\/sillasderuedasparaperros.com\/#website"},"primaryImageOfPage":{"@id":"https:\/\/sillasderuedasparaperros.com\/en\/about-us\/#primaryimage"},"image":{"@id":"https:\/\/sillasderuedasparaperros.com\/en\/about-us\/#primaryimage"},"thumbnailUrl":"https:\/\/sillasderuedasparaperros.com\/wp-content\/uploads\/2021\/06\/banner-quienes-somos.jpg","datePublished":"2021-06-04T02:40:31+00:00","dateModified":"2022-07-15T16:52:16+00:00","breadcrumb":{"@id":"https:\/\/sillasderuedasparaperros.com\/en\/about-us\/#breadcrumb"},"inLanguage":"en-US","potentialAction":[{"@type":"ReadAction","target":["https:\/\/sillasderuedasparaperros.com\/en\/about-us\/"]}]},{"@type":"ImageObject","inLanguage":"en-US","@id":"https:\/\/sillasderuedasparaperros.com\/en\/about-us\/#primaryimage","url":"https:\/\/sillasderuedasparaperros.com\/wp-content\/uploads\/2021\/06\/banner-quienes-somos.jpg","contentUrl":"https:\/\/sillasderuedasparaperros.com\/wp-content\/uploads\/2021\/06\/banner-quienes-somos.jpg","width":1920,"height":500},{"@type":"BreadcrumbList","@id":"https:\/\/sillasderuedasparaperros.com\/en\/about-us\/#breadcrumb","itemListElement":[{"@type":"ListItem","position":1,"name":"Portada","item":"https:\/\/sillasderuedasparaperros.com\/en\/"},{"@type":"ListItem","position":2,"name":"About Us"}]},{"@type":"WebSite","@id":"https:\/\/sillasderuedasparaperros.com\/#website","url":"https:\/\/sillasderuedasparaperros.com\/","name":"Sillas de ruedas para perros","description":"Otro sitio realizado con WordPress","publisher":{"@id":"https:\/\/sillasderuedasparaperros.com\/#organization"},"potentialAction":[{"@type":"SearchAction","target":{"@type":"EntryPoint","urlTemplate":"https:\/\/sillasderuedasparaperros.com\/?s={search_term_string}"},"query-input":{"@type":"PropertyValueSpecification","valueRequired":true,"valueName":"search_term_string"}}],"inLanguage":"en-US"},{"@type":"Organization","@id":"https:\/\/sillasderuedasparaperros.com\/#organization","name":"Sillas de ruedas para perros colombia","url":"https:\/\/sillasderuedasparaperros.com\/","logo":{"@type":"ImageObject","inLanguage":"en-US","@id":"https:\/\/sillasderuedasparaperros.com\/#\/schema\/logo\/image\/","url":"https:\/\/sillasderuedasparaperros.com\/wp-content\/uploads\/2021\/06\/logo-sillas.png","contentUrl":"https:\/\/sillasderuedasparaperros.com\/wp-content\/uploads\/2021\/06\/logo-sillas.png","width":400,"height":144,"caption":"Sillas de ruedas para perros colombia"},"image":{"@id":"https:\/\/sillasderuedasparaperros.com\/#\/schema\/logo\/image\/"},"sameAs":["https:\/\/www.facebook.com\/people\/Sillas-de-Ruedas-para-Perros\/","https:\/\/www.instagram.com\/sillasparaperros"]}]}},"_links":{"self":[{"href":"https:\/\/sillasderuedasparaperros.com\/en\/wp-json\/wp\/v2\/pages\/363","targetHints":{"allow":["GET"]}}],"collection":[{"href":"https:\/\/sillasderuedasparaperros.com\/en\/wp-json\/wp\/v2\/pages"}],"about":[{"href":"https:\/\/sillasderuedasparaperros.com\/en\/wp-json\/wp\/v2\/types\/page"}],"author":[{"embeddable":true,"href":"https:\/\/sillasderuedasparaperros.com\/en\/wp-json\/wp\/v2\/users\/1"}],"replies":[{"embeddable":true,"href":"https:\/\/sillasderuedasparaperros.com\/en\/wp-json\/wp\/v2\/comments?post=363"}],"version-history":[{"count":5,"href":"https:\/\/sillasderuedasparaperros.com\/en\/wp-json\/wp\/v2\/pages\/363\/revisions"}],"predecessor-version":[{"id":382,"href":"https:\/\/sillasderuedasparaperros.com\/en\/wp-json\/wp\/v2\/pages\/363\/revisions\/382"}],"wp:featuredmedia":[{"embeddable":true,"href":"https:\/\/sillasderuedasparaperros.com\/en\/wp-json\/wp\/v2\/media\/320"}],"wp:attachment":[{"href":"https:\/\/sillasderuedasparaperros.com\/en\/wp-json\/wp\/v2\/media?parent=363"}],"curies":[{"name":"wp","href":"https:\/\/api.w.org\/{rel}","templated":true}]}}